{"id":651,"date":"2019-11-12T08:23:42","date_gmt":"2019-11-12T08:23:42","guid":{"rendered":"http:\/\/homepage.frohsinn-hochdorf.de\/?page_id=651"},"modified":"2023-03-19T14:13:07","modified_gmt":"2023-03-19T13:13:07","slug":"aktuelle-vorstandschaft","status":"publish","type":"page","link":"https:\/\/www.frohsinn-hochdorf.de\/?page_id=651","title":{"rendered":"Aktuelle Vorstandschaft"},"content":{"rendered":"<p><span style=\"color: #1e31bd;\">Vorsitzende: Brigitte Eberle<br \/>\n2. Vorsitzende: Michaela Arnold-Baur<br \/>\nKassier: Martina Dworschak<\/span><\/p>\n<p>1. Schriftf\u00fchrerin: Esther H\u00e4rtel<br \/>\n2. Schriftf\u00fchrer: Sven Liebermeister<\/p>\n<p>Weitere Ausschussmitglieder:<br \/>\nClaudia Buckenhofer<br \/>\nCaroline Unterberger<\/p>\n<p>Kassenpr\u00fcferinnen:<br \/>\nIngeborg Baur<br \/>\nAnnegret Buchcic<\/p>\n<h6><img loading=\"lazy\" decoding=\"async\" class=\"alignleft size-full wp-image-1376\" src=\"https:\/\/www.frohsinn-hochdorf.de\/wp-content\/uploads\/2023\/03\/20230317_205737-scaled.jpg\" alt=\"\" width=\"2560\" height=\"1152\" srcset=\"https:\/\/www.frohsinn-hochdorf.de\/wp-content\/uploads\/2023\/03\/20230317_205737-scaled.jpg 2560w, https:\/\/www.frohsinn-hochdorf.de\/wp-content\/uploads\/2023\/03\/20230317_205737-300x135.jpg 300w, https:\/\/www.frohsinn-hochdorf.de\/wp-content\/uploads\/2023\/03\/20230317_205737-1024x461.jpg 1024w, https:\/\/www.frohsinn-hochdorf.de\/wp-content\/uploads\/2023\/03\/20230317_205737-768x346.jpg 768w, https:\/\/www.frohsinn-hochdorf.de\/wp-content\/uploads\/2023\/03\/20230317_205737-1536x691.jpg 1536w, https:\/\/www.frohsinn-hochdorf.de\/wp-content\/uploads\/2023\/03\/20230317_205737-2048x922.jpg 2048w\" sizes=\"auto, (max-width: 2560px) 100vw, 2560px\" \/><br \/>\nVon links nach rechts: Claudia Buckenhofer, Michaela Arnold-Baur, Martina Dworschak, Brigitte Eberle, Caroline Unterberger, Sven Liebermeister, Inge Baur und Esther H\u00e4rtel. Es fehlt: Annegret Buchcic.<\/h6>\n<p>&nbsp;<\/p>\n","protected":false},"excerpt":{"rendered":"<p>Vorsitzende: Brigitte Eberle 2. Vorsitzende: Michaela Arnold-Baur Kassier: Martina Dworschak 1. Schriftf\u00fchrerin: Esther H\u00e4rtel 2. Schriftf\u00fchrer: Sven Liebermeister Weitere Ausschussmitglieder: Claudia Buckenhofer Caroline Unterberger Kassenpr\u00fcferinnen: Ingeborg Baur Annegret Buchcic Von [&hellip;]<\/p>\n","protected":false},"author":1,"featured_media":0,"parent":0,"menu_order":0,"comment_status":"closed","ping_status":"closed","template":"","meta":{"footnotes":""},"class_list":["post-651","page","type-page","status-publish","hentry"],"yoast_head":"<!-- This site is optimized with the Yoast SEO plugin v26.9 - https:\/\/yoast.com\/product\/yoast-seo-wordpress\/ -->\n<title>Aktuelle Vorstandschaft - Frohsinn Hochdorf e. V.<\/title>\n<meta name=\"robots\" content=\"index, follow, max-snippet:-1, max-image-preview:large, max-video-preview:-1\" \/>\n<link rel=\"canonical\" href=\"https:\/\/www.frohsinn-hochdorf.de\/?page_id=651\" \/>\n<meta property=\"og:locale\" content=\"de_DE\" \/>\n<meta property=\"og:type\" content=\"article\" \/>\n<meta property=\"og:title\" content=\"Aktuelle Vorstandschaft - Frohsinn Hochdorf e. V.\" \/>\n<meta property=\"og:description\" content=\"Vorsitzende: Brigitte Eberle 2. Vorsitzende: Michaela Arnold-Baur Kassier: Martina Dworschak 1. Schriftf\u00fchrerin: Esther H\u00e4rtel 2. Schriftf\u00fchrer: Sven Liebermeister Weitere Ausschussmitglieder: Claudia Buckenhofer Caroline Unterberger Kassenpr\u00fcferinnen: Ingeborg Baur Annegret Buchcic Von [&hellip;]\" \/>\n<meta property=\"og:url\" content=\"https:\/\/www.frohsinn-hochdorf.de\/?page_id=651\" \/>\n<meta property=\"og:site_name\" content=\"Frohsinn Hochdorf e. V.\" \/>\n<meta property=\"article:modified_time\" content=\"2023-03-19T13:13:07+00:00\" \/>\n<meta property=\"og:image\" content=\"https:\/\/www.frohsinn-hochdorf.de\/wp-content\/uploads\/2023\/03\/20230317_205737-scaled.jpg\" \/>\n<meta name=\"twitter:card\" content=\"summary_large_image\" \/>\n<script type=\"application\/ld+json\" class=\"yoast-schema-graph\">{\"@context\":\"https:\/\/schema.org\",\"@graph\":[{\"@type\":\"WebPage\",\"@id\":\"https:\/\/www.frohsinn-hochdorf.de\/?page_id=651\",\"url\":\"https:\/\/www.frohsinn-hochdorf.de\/?page_id=651\",\"name\":\"Aktuelle Vorstandschaft - Frohsinn Hochdorf e. V.\",\"isPartOf\":{\"@id\":\"https:\/\/www.frohsinn-hochdorf.de\/#website\"},\"primaryImageOfPage\":{\"@id\":\"https:\/\/www.frohsinn-hochdorf.de\/?page_id=651#primaryimage\"},\"image\":{\"@id\":\"https:\/\/www.frohsinn-hochdorf.de\/?page_id=651#primaryimage\"},\"thumbnailUrl\":\"https:\/\/www.frohsinn-hochdorf.de\/wp-content\/uploads\/2023\/03\/20230317_205737-scaled.jpg\",\"datePublished\":\"2019-11-12T08:23:42+00:00\",\"dateModified\":\"2023-03-19T13:13:07+00:00\",\"breadcrumb\":{\"@id\":\"https:\/\/www.frohsinn-hochdorf.de\/?page_id=651#breadcrumb\"},\"inLanguage\":\"de\",\"potentialAction\":[{\"@type\":\"ReadAction\",\"target\":[\"https:\/\/www.frohsinn-hochdorf.de\/?page_id=651\"]}]},{\"@type\":\"ImageObject\",\"inLanguage\":\"de\",\"@id\":\"https:\/\/www.frohsinn-hochdorf.de\/?page_id=651#primaryimage\",\"url\":\"https:\/\/www.frohsinn-hochdorf.de\/wp-content\/uploads\/2023\/03\/20230317_205737-scaled.jpg\",\"contentUrl\":\"https:\/\/www.frohsinn-hochdorf.de\/wp-content\/uploads\/2023\/03\/20230317_205737-scaled.jpg\",\"width\":2560,\"height\":1152},{\"@type\":\"BreadcrumbList\",\"@id\":\"https:\/\/www.frohsinn-hochdorf.de\/?page_id=651#breadcrumb\",\"itemListElement\":[{\"@type\":\"ListItem\",\"position\":1,\"name\":\"Startseite\",\"item\":\"https:\/\/www.frohsinn-hochdorf.de\/\"},{\"@type\":\"ListItem\",\"position\":2,\"name\":\"Aktuelle Vorstandschaft\"}]},{\"@type\":\"WebSite\",\"@id\":\"https:\/\/www.frohsinn-hochdorf.de\/#website\",\"url\":\"https:\/\/www.frohsinn-hochdorf.de\/\",\"name\":\"Frohsinn Hochdorf e. V.\",\"description\":\"Freude am Singen\",\"publisher\":{\"@id\":\"https:\/\/www.frohsinn-hochdorf.de\/#organization\"},\"potentialAction\":[{\"@type\":\"SearchAction\",\"target\":{\"@type\":\"EntryPoint\",\"urlTemplate\":\"https:\/\/www.frohsinn-hochdorf.de\/?s={search_term_string}\"},\"query-input\":{\"@type\":\"PropertyValueSpecification\",\"valueRequired\":true,\"valueName\":\"search_term_string\"}}],\"inLanguage\":\"de\"},{\"@type\":\"Organization\",\"@id\":\"https:\/\/www.frohsinn-hochdorf.de\/#organization\",\"name\":\"Frohsinn Hochdorf e. V.\",\"url\":\"https:\/\/www.frohsinn-hochdorf.de\/\",\"logo\":{\"@type\":\"ImageObject\",\"inLanguage\":\"de\",\"@id\":\"https:\/\/www.frohsinn-hochdorf.de\/#\/schema\/logo\/image\/\",\"url\":\"https:\/\/www.frohsinn-hochdorf.de\/wp-content\/uploads\/2019\/11\/cropped-logo_web_neu.png\",\"contentUrl\":\"https:\/\/www.frohsinn-hochdorf.de\/wp-content\/uploads\/2019\/11\/cropped-logo_web_neu.png\",\"width\":150,\"height\":85,\"caption\":\"Frohsinn Hochdorf e. V.\"},\"image\":{\"@id\":\"https:\/\/www.frohsinn-hochdorf.de\/#\/schema\/logo\/image\/\"}}]}<\/script>\n<!-- \/ Yoast SEO plugin. -->","yoast_head_json":{"title":"Aktuelle Vorstandschaft - Frohsinn Hochdorf e. V.","robots":{"index":"index","follow":"follow","max-snippet":"max-snippet:-1","max-image-preview":"max-image-preview:large","max-video-preview":"max-video-preview:-1"},"canonical":"https:\/\/www.frohsinn-hochdorf.de\/?page_id=651","og_locale":"de_DE","og_type":"article","og_title":"Aktuelle Vorstandschaft - Frohsinn Hochdorf e. V.","og_description":"Vorsitzende: Brigitte Eberle 2. Vorsitzende: Michaela Arnold-Baur Kassier: Martina Dworschak 1. Schriftf\u00fchrerin: Esther H\u00e4rtel 2. Schriftf\u00fchrer: Sven Liebermeister Weitere Ausschussmitglieder: Claudia Buckenhofer Caroline Unterberger Kassenpr\u00fcferinnen: Ingeborg Baur Annegret Buchcic Von [&hellip;]","og_url":"https:\/\/www.frohsinn-hochdorf.de\/?page_id=651","og_site_name":"Frohsinn Hochdorf e. V.","article_modified_time":"2023-03-19T13:13:07+00:00","og_image":[{"url":"https:\/\/www.frohsinn-hochdorf.de\/wp-content\/uploads\/2023\/03\/20230317_205737-scaled.jpg","type":"","width":"","height":""}],"twitter_card":"summary_large_image","schema":{"@context":"https:\/\/schema.org","@graph":[{"@type":"WebPage","@id":"https:\/\/www.frohsinn-hochdorf.de\/?page_id=651","url":"https:\/\/www.frohsinn-hochdorf.de\/?page_id=651","name":"Aktuelle Vorstandschaft - Frohsinn Hochdorf e. V.","isPartOf":{"@id":"https:\/\/www.frohsinn-hochdorf.de\/#website"},"primaryImageOfPage":{"@id":"https:\/\/www.frohsinn-hochdorf.de\/?page_id=651#primaryimage"},"image":{"@id":"https:\/\/www.frohsinn-hochdorf.de\/?page_id=651#primaryimage"},"thumbnailUrl":"https:\/\/www.frohsinn-hochdorf.de\/wp-content\/uploads\/2023\/03\/20230317_205737-scaled.jpg","datePublished":"2019-11-12T08:23:42+00:00","dateModified":"2023-03-19T13:13:07+00:00","breadcrumb":{"@id":"https:\/\/www.frohsinn-hochdorf.de\/?page_id=651#breadcrumb"},"inLanguage":"de","potentialAction":[{"@type":"ReadAction","target":["https:\/\/www.frohsinn-hochdorf.de\/?page_id=651"]}]},{"@type":"ImageObject","inLanguage":"de","@id":"https:\/\/www.frohsinn-hochdorf.de\/?page_id=651#primaryimage","url":"https:\/\/www.frohsinn-hochdorf.de\/wp-content\/uploads\/2023\/03\/20230317_205737-scaled.jpg","contentUrl":"https:\/\/www.frohsinn-hochdorf.de\/wp-content\/uploads\/2023\/03\/20230317_205737-scaled.jpg","width":2560,"height":1152},{"@type":"BreadcrumbList","@id":"https:\/\/www.frohsinn-hochdorf.de\/?page_id=651#breadcrumb","itemListElement":[{"@type":"ListItem","position":1,"name":"Startseite","item":"https:\/\/www.frohsinn-hochdorf.de\/"},{"@type":"ListItem","position":2,"name":"Aktuelle Vorstandschaft"}]},{"@type":"WebSite","@id":"https:\/\/www.frohsinn-hochdorf.de\/#website","url":"https:\/\/www.frohsinn-hochdorf.de\/","name":"Frohsinn Hochdorf e. V.","description":"Freude am Singen","publisher":{"@id":"https:\/\/www.frohsinn-hochdorf.de\/#organization"},"potentialAction":[{"@type":"SearchAction","target":{"@type":"EntryPoint","urlTemplate":"https:\/\/www.frohsinn-hochdorf.de\/?s={search_term_string}"},"query-input":{"@type":"PropertyValueSpecification","valueRequired":true,"valueName":"search_term_string"}}],"inLanguage":"de"},{"@type":"Organization","@id":"https:\/\/www.frohsinn-hochdorf.de\/#organization","name":"Frohsinn Hochdorf e. V.","url":"https:\/\/www.frohsinn-hochdorf.de\/","logo":{"@type":"ImageObject","inLanguage":"de","@id":"https:\/\/www.frohsinn-hochdorf.de\/#\/schema\/logo\/image\/","url":"https:\/\/www.frohsinn-hochdorf.de\/wp-content\/uploads\/2019\/11\/cropped-logo_web_neu.png","contentUrl":"https:\/\/www.frohsinn-hochdorf.de\/wp-content\/uploads\/2019\/11\/cropped-logo_web_neu.png","width":150,"height":85,"caption":"Frohsinn Hochdorf e. V."},"image":{"@id":"https:\/\/www.frohsinn-hochdorf.de\/#\/schema\/logo\/image\/"}}]}},"_links":{"self":[{"href":"https:\/\/www.frohsinn-hochdorf.de\/index.php?rest_route=\/wp\/v2\/pages\/651","targetHints":{"allow":["GET"]}}],"collection":[{"href":"https:\/\/www.frohsinn-hochdorf.de\/index.php?rest_route=\/wp\/v2\/pages"}],"about":[{"href":"https:\/\/www.frohsinn-hochdorf.de\/index.php?rest_route=\/wp\/v2\/types\/page"}],"author":[{"embeddable":true,"href":"https:\/\/www.frohsinn-hochdorf.de\/index.php?rest_route=\/wp\/v2\/users\/1"}],"replies":[{"embeddable":true,"href":"https:\/\/www.frohsinn-hochdorf.de\/index.php?rest_route=%2Fwp%2Fv2%2Fcomments&post=651"}],"version-history":[{"count":18,"href":"https:\/\/www.frohsinn-hochdorf.de\/index.php?rest_route=\/wp\/v2\/pages\/651\/revisions"}],"predecessor-version":[{"id":1388,"href":"https:\/\/www.frohsinn-hochdorf.de\/index.php?rest_route=\/wp\/v2\/pages\/651\/revisions\/1388"}],"wp:attachment":[{"href":"https:\/\/www.frohsinn-hochdorf.de\/index.php?rest_route=%2Fwp%2Fv2%2Fmedia&parent=651"}],"curies":[{"name":"wp","href":"https:\/\/api.w.org\/{rel}","templated":true}]}}