{"id":634,"date":"2019-11-12T08:13:14","date_gmt":"2019-11-12T08:13:14","guid":{"rendered":"http:\/\/homepage.frohsinn-hochdorf.de\/?page_id=634"},"modified":"2025-12-14T17:31:27","modified_gmt":"2025-12-14T16:31:27","slug":"gemischter-chor","status":"publish","type":"page","link":"https:\/\/www.frohsinn-hochdorf.de\/?page_id=634","title":{"rendered":"Gemischter Chor"},"content":{"rendered":"<p><img loading=\"lazy\" decoding=\"async\" class=\"size-full wp-image-851 alignnone\" src=\"https:\/\/www.frohsinn-hochdorf.de\/wp-content\/uploads\/2017\/06\/Gr\u00f6\u00dfen\u00e4nderung-Gemischter-Chor.jpg\" alt=\"\" width=\"394\" height=\"221\" srcset=\"https:\/\/www.frohsinn-hochdorf.de\/wp-content\/uploads\/2017\/06\/Gr\u00f6\u00dfen\u00e4nderung-Gemischter-Chor.jpg 394w, https:\/\/www.frohsinn-hochdorf.de\/wp-content\/uploads\/2017\/06\/Gr\u00f6\u00dfen\u00e4nderung-Gemischter-Chor-300x168.jpg 300w\" sizes=\"auto, (max-width: 394px) 100vw, 394px\" \/><\/p>\n<p>F\u00fcr Erwachsene jeden Alters.<\/p>\n<p>Probezeiten:<\/p>\n<p><strong>donnerstags von 19:15 bis 20:45 Uhr<br \/>\n<\/strong><\/p>\n<p>in der Friedenskirche.<\/p>\n<p>Leitung: Christa Eckstein<br \/>\n-&gt; \u00fcberwiegend deutschsprachige Chorliteratur (Volkslieder, klassische und geistliche Lieder), aber auch Schlager und Musicals<\/p>\n<p><span style=\"color: #3366ff;\"><em>Schnuppern ist jederzeit m\u00f6glich! Sing mit!<\/em><\/span><\/p>\n","protected":false},"excerpt":{"rendered":"<p>F\u00fcr Erwachsene jeden Alters. Probezeiten: donnerstags von 19:15 bis 20:45 Uhr in der Friedenskirche. Leitung: Christa Eckstein -&gt; \u00fcberwiegend deutschsprachige Chorliteratur (Volkslieder, klassische und geistliche Lieder), aber auch Schlager und [&hellip;]<\/p>\n","protected":false},"author":1,"featured_media":0,"parent":0,"menu_order":0,"comment_status":"closed","ping_status":"closed","template":"","meta":{"footnotes":""},"class_list":["post-634","page","type-page","status-publish","hentry"],"yoast_head":"<!-- This site is optimized with the Yoast SEO plugin v26.9 - https:\/\/yoast.com\/product\/yoast-seo-wordpress\/ -->\n<title>Gemischter Chor - Frohsinn Hochdorf e. V.<\/title>\n<meta name=\"robots\" content=\"index, follow, max-snippet:-1, max-image-preview:large, max-video-preview:-1\" \/>\n<link rel=\"canonical\" href=\"https:\/\/www.frohsinn-hochdorf.de\/?page_id=634\" \/>\n<meta property=\"og:locale\" content=\"de_DE\" \/>\n<meta property=\"og:type\" content=\"article\" \/>\n<meta property=\"og:title\" content=\"Gemischter Chor - Frohsinn Hochdorf e. V.\" \/>\n<meta property=\"og:description\" content=\"F\u00fcr Erwachsene jeden Alters. Probezeiten: donnerstags von 19:15 bis 20:45 Uhr in der Friedenskirche. Leitung: Christa Eckstein -&gt; \u00fcberwiegend deutschsprachige Chorliteratur (Volkslieder, klassische und geistliche Lieder), aber auch Schlager und [&hellip;]\" \/>\n<meta property=\"og:url\" content=\"https:\/\/www.frohsinn-hochdorf.de\/?page_id=634\" \/>\n<meta property=\"og:site_name\" content=\"Frohsinn Hochdorf e. V.\" \/>\n<meta property=\"article:modified_time\" content=\"2025-12-14T16:31:27+00:00\" \/>\n<meta name=\"twitter:card\" content=\"summary_large_image\" \/>\n<meta name=\"twitter:label1\" content=\"Gesch\u00e4tzte Lesezeit\" \/>\n\t<meta name=\"twitter:data1\" content=\"1\u00a0Minute\" \/>\n<script type=\"application\/ld+json\" class=\"yoast-schema-graph\">{\"@context\":\"https:\/\/schema.org\",\"@graph\":[{\"@type\":\"WebPage\",\"@id\":\"https:\/\/www.frohsinn-hochdorf.de\/?page_id=634\",\"url\":\"https:\/\/www.frohsinn-hochdorf.de\/?page_id=634\",\"name\":\"Gemischter Chor - Frohsinn Hochdorf e. V.\",\"isPartOf\":{\"@id\":\"https:\/\/www.frohsinn-hochdorf.de\/#website\"},\"datePublished\":\"2019-11-12T08:13:14+00:00\",\"dateModified\":\"2025-12-14T16:31:27+00:00\",\"breadcrumb\":{\"@id\":\"https:\/\/www.frohsinn-hochdorf.de\/?page_id=634#breadcrumb\"},\"inLanguage\":\"de\",\"potentialAction\":[{\"@type\":\"ReadAction\",\"target\":[\"https:\/\/www.frohsinn-hochdorf.de\/?page_id=634\"]}]},{\"@type\":\"BreadcrumbList\",\"@id\":\"https:\/\/www.frohsinn-hochdorf.de\/?page_id=634#breadcrumb\",\"itemListElement\":[{\"@type\":\"ListItem\",\"position\":1,\"name\":\"Startseite\",\"item\":\"https:\/\/www.frohsinn-hochdorf.de\/\"},{\"@type\":\"ListItem\",\"position\":2,\"name\":\"Gemischter Chor\"}]},{\"@type\":\"WebSite\",\"@id\":\"https:\/\/www.frohsinn-hochdorf.de\/#website\",\"url\":\"https:\/\/www.frohsinn-hochdorf.de\/\",\"name\":\"Frohsinn Hochdorf e. V.\",\"description\":\"Freude am Singen\",\"publisher\":{\"@id\":\"https:\/\/www.frohsinn-hochdorf.de\/#organization\"},\"potentialAction\":[{\"@type\":\"SearchAction\",\"target\":{\"@type\":\"EntryPoint\",\"urlTemplate\":\"https:\/\/www.frohsinn-hochdorf.de\/?s={search_term_string}\"},\"query-input\":{\"@type\":\"PropertyValueSpecification\",\"valueRequired\":true,\"valueName\":\"search_term_string\"}}],\"inLanguage\":\"de\"},{\"@type\":\"Organization\",\"@id\":\"https:\/\/www.frohsinn-hochdorf.de\/#organization\",\"name\":\"Frohsinn Hochdorf e. V.\",\"url\":\"https:\/\/www.frohsinn-hochdorf.de\/\",\"logo\":{\"@type\":\"ImageObject\",\"inLanguage\":\"de\",\"@id\":\"https:\/\/www.frohsinn-hochdorf.de\/#\/schema\/logo\/image\/\",\"url\":\"https:\/\/www.frohsinn-hochdorf.de\/wp-content\/uploads\/2019\/11\/cropped-logo_web_neu.png\",\"contentUrl\":\"https:\/\/www.frohsinn-hochdorf.de\/wp-content\/uploads\/2019\/11\/cropped-logo_web_neu.png\",\"width\":150,\"height\":85,\"caption\":\"Frohsinn Hochdorf e. V.\"},\"image\":{\"@id\":\"https:\/\/www.frohsinn-hochdorf.de\/#\/schema\/logo\/image\/\"}}]}<\/script>\n<!-- \/ Yoast SEO plugin. -->","yoast_head_json":{"title":"Gemischter Chor - Frohsinn Hochdorf e. V.","robots":{"index":"index","follow":"follow","max-snippet":"max-snippet:-1","max-image-preview":"max-image-preview:large","max-video-preview":"max-video-preview:-1"},"canonical":"https:\/\/www.frohsinn-hochdorf.de\/?page_id=634","og_locale":"de_DE","og_type":"article","og_title":"Gemischter Chor - Frohsinn Hochdorf e. V.","og_description":"F\u00fcr Erwachsene jeden Alters. Probezeiten: donnerstags von 19:15 bis 20:45 Uhr in der Friedenskirche. Leitung: Christa Eckstein -&gt; \u00fcberwiegend deutschsprachige Chorliteratur (Volkslieder, klassische und geistliche Lieder), aber auch Schlager und [&hellip;]","og_url":"https:\/\/www.frohsinn-hochdorf.de\/?page_id=634","og_site_name":"Frohsinn Hochdorf e. V.","article_modified_time":"2025-12-14T16:31:27+00:00","twitter_card":"summary_large_image","twitter_misc":{"Gesch\u00e4tzte Lesezeit":"1\u00a0Minute"},"schema":{"@context":"https:\/\/schema.org","@graph":[{"@type":"WebPage","@id":"https:\/\/www.frohsinn-hochdorf.de\/?page_id=634","url":"https:\/\/www.frohsinn-hochdorf.de\/?page_id=634","name":"Gemischter Chor - Frohsinn Hochdorf e. V.","isPartOf":{"@id":"https:\/\/www.frohsinn-hochdorf.de\/#website"},"datePublished":"2019-11-12T08:13:14+00:00","dateModified":"2025-12-14T16:31:27+00:00","breadcrumb":{"@id":"https:\/\/www.frohsinn-hochdorf.de\/?page_id=634#breadcrumb"},"inLanguage":"de","potentialAction":[{"@type":"ReadAction","target":["https:\/\/www.frohsinn-hochdorf.de\/?page_id=634"]}]},{"@type":"BreadcrumbList","@id":"https:\/\/www.frohsinn-hochdorf.de\/?page_id=634#breadcrumb","itemListElement":[{"@type":"ListItem","position":1,"name":"Startseite","item":"https:\/\/www.frohsinn-hochdorf.de\/"},{"@type":"ListItem","position":2,"name":"Gemischter Chor"}]},{"@type":"WebSite","@id":"https:\/\/www.frohsinn-hochdorf.de\/#website","url":"https:\/\/www.frohsinn-hochdorf.de\/","name":"Frohsinn Hochdorf e. V.","description":"Freude am Singen","publisher":{"@id":"https:\/\/www.frohsinn-hochdorf.de\/#organization"},"potentialAction":[{"@type":"SearchAction","target":{"@type":"EntryPoint","urlTemplate":"https:\/\/www.frohsinn-hochdorf.de\/?s={search_term_string}"},"query-input":{"@type":"PropertyValueSpecification","valueRequired":true,"valueName":"search_term_string"}}],"inLanguage":"de"},{"@type":"Organization","@id":"https:\/\/www.frohsinn-hochdorf.de\/#organization","name":"Frohsinn Hochdorf e. V.","url":"https:\/\/www.frohsinn-hochdorf.de\/","logo":{"@type":"ImageObject","inLanguage":"de","@id":"https:\/\/www.frohsinn-hochdorf.de\/#\/schema\/logo\/image\/","url":"https:\/\/www.frohsinn-hochdorf.de\/wp-content\/uploads\/2019\/11\/cropped-logo_web_neu.png","contentUrl":"https:\/\/www.frohsinn-hochdorf.de\/wp-content\/uploads\/2019\/11\/cropped-logo_web_neu.png","width":150,"height":85,"caption":"Frohsinn Hochdorf e. V."},"image":{"@id":"https:\/\/www.frohsinn-hochdorf.de\/#\/schema\/logo\/image\/"}}]}},"_links":{"self":[{"href":"https:\/\/www.frohsinn-hochdorf.de\/index.php?rest_route=\/wp\/v2\/pages\/634","targetHints":{"allow":["GET"]}}],"collection":[{"href":"https:\/\/www.frohsinn-hochdorf.de\/index.php?rest_route=\/wp\/v2\/pages"}],"about":[{"href":"https:\/\/www.frohsinn-hochdorf.de\/index.php?rest_route=\/wp\/v2\/types\/page"}],"author":[{"embeddable":true,"href":"https:\/\/www.frohsinn-hochdorf.de\/index.php?rest_route=\/wp\/v2\/users\/1"}],"replies":[{"embeddable":true,"href":"https:\/\/www.frohsinn-hochdorf.de\/index.php?rest_route=%2Fwp%2Fv2%2Fcomments&post=634"}],"version-history":[{"count":15,"href":"https:\/\/www.frohsinn-hochdorf.de\/index.php?rest_route=\/wp\/v2\/pages\/634\/revisions"}],"predecessor-version":[{"id":1738,"href":"https:\/\/www.frohsinn-hochdorf.de\/index.php?rest_route=\/wp\/v2\/pages\/634\/revisions\/1738"}],"wp:attachment":[{"href":"https:\/\/www.frohsinn-hochdorf.de\/index.php?rest_route=%2Fwp%2Fv2%2Fmedia&parent=634"}],"curies":[{"name":"wp","href":"https:\/\/api.w.org\/{rel}","templated":true}]}}