{"id":630,"date":"2019-11-12T08:12:28","date_gmt":"2019-11-12T08:12:28","guid":{"rendered":"http:\/\/homepage.frohsinn-hochdorf.de\/?page_id=630"},"modified":"2023-04-01T13:38:42","modified_gmt":"2023-04-01T11:38:42","slug":"saltpepper","status":"publish","type":"page","link":"https:\/\/www.frohsinn-hochdorf.de\/?page_id=630","title":{"rendered":"Salt &#038; Pepper"},"content":{"rendered":"<p><img loading=\"lazy\" decoding=\"async\" class=\"size-full wp-image-853 alignnone\" src=\"https:\/\/www.frohsinn-hochdorf.de\/wp-content\/uploads\/2017\/06\/Gr\u00f6\u00dfen\u00e4nderung-Salt-und-Pepper.jpg\" alt=\"\" width=\"394\" height=\"221\" srcset=\"https:\/\/www.frohsinn-hochdorf.de\/wp-content\/uploads\/2017\/06\/Gr\u00f6\u00dfen\u00e4nderung-Salt-und-Pepper.jpg 394w, https:\/\/www.frohsinn-hochdorf.de\/wp-content\/uploads\/2017\/06\/Gr\u00f6\u00dfen\u00e4nderung-Salt-und-Pepper-300x168.jpg 300w\" sizes=\"auto, (max-width: 394px) 100vw, 394px\" \/><\/p>\n<p>F\u00fcr Kinder \/ Jugendliche ab der 7. Klasse.<\/p>\n<p>Probezeiten:<\/p>\n<p><strong>freitags von 18:30 bis 19:30 Uhr<\/strong><\/p>\n<p>in der Aula der Breitwiesenschule.<\/p>\n<p>Leitung und musikalische Begleitung: Ellen Strau\u00df-Wallisch (Klavier)<br \/>\n-&gt; \u00fcberwiegend englischsprachige Popliteratur<\/p>\n<p><span style=\"color: #3366ff;\"><em>Schnuppern ist jederzeit m\u00f6glich! Sing mit!<\/em><\/span><\/p>\n","protected":false},"excerpt":{"rendered":"<p>F\u00fcr Kinder \/ Jugendliche ab der 7. Klasse. Probezeiten: freitags von 18:30 bis 19:30 Uhr in der Aula der Breitwiesenschule. Leitung und musikalische Begleitung: Ellen Strau\u00df-Wallisch (Klavier) -&gt; \u00fcberwiegend englischsprachige [&hellip;]<\/p>\n","protected":false},"author":1,"featured_media":0,"parent":0,"menu_order":0,"comment_status":"closed","ping_status":"closed","template":"","meta":{"footnotes":""},"class_list":["post-630","page","type-page","status-publish","hentry"],"yoast_head":"<!-- This site is optimized with the Yoast SEO plugin v26.9 - https:\/\/yoast.com\/product\/yoast-seo-wordpress\/ -->\n<title>Salt &amp; Pepper - Frohsinn Hochdorf e. V.<\/title>\n<meta name=\"robots\" content=\"index, follow, max-snippet:-1, max-image-preview:large, max-video-preview:-1\" \/>\n<link rel=\"canonical\" href=\"https:\/\/www.frohsinn-hochdorf.de\/?page_id=630\" \/>\n<meta property=\"og:locale\" content=\"de_DE\" \/>\n<meta property=\"og:type\" content=\"article\" \/>\n<meta property=\"og:title\" content=\"Salt &amp; Pepper - Frohsinn Hochdorf e. V.\" \/>\n<meta property=\"og:description\" content=\"F\u00fcr Kinder \/ Jugendliche ab der 7. Klasse. Probezeiten: freitags von 18:30 bis 19:30 Uhr in der Aula der Breitwiesenschule. Leitung und musikalische Begleitung: Ellen Strau\u00df-Wallisch (Klavier) -&gt; \u00fcberwiegend englischsprachige [&hellip;]\" \/>\n<meta property=\"og:url\" content=\"https:\/\/www.frohsinn-hochdorf.de\/?page_id=630\" \/>\n<meta property=\"og:site_name\" content=\"Frohsinn Hochdorf e. V.\" \/>\n<meta property=\"article:modified_time\" content=\"2023-04-01T11:38:42+00:00\" \/>\n<meta name=\"twitter:card\" content=\"summary_large_image\" \/>\n<script type=\"application\/ld+json\" class=\"yoast-schema-graph\">{\"@context\":\"https:\/\/schema.org\",\"@graph\":[{\"@type\":\"WebPage\",\"@id\":\"https:\/\/www.frohsinn-hochdorf.de\/?page_id=630\",\"url\":\"https:\/\/www.frohsinn-hochdorf.de\/?page_id=630\",\"name\":\"Salt & Pepper - Frohsinn Hochdorf e. V.\",\"isPartOf\":{\"@id\":\"https:\/\/www.frohsinn-hochdorf.de\/#website\"},\"datePublished\":\"2019-11-12T08:12:28+00:00\",\"dateModified\":\"2023-04-01T11:38:42+00:00\",\"breadcrumb\":{\"@id\":\"https:\/\/www.frohsinn-hochdorf.de\/?page_id=630#breadcrumb\"},\"inLanguage\":\"de\",\"potentialAction\":[{\"@type\":\"ReadAction\",\"target\":[\"https:\/\/www.frohsinn-hochdorf.de\/?page_id=630\"]}]},{\"@type\":\"BreadcrumbList\",\"@id\":\"https:\/\/www.frohsinn-hochdorf.de\/?page_id=630#breadcrumb\",\"itemListElement\":[{\"@type\":\"ListItem\",\"position\":1,\"name\":\"Startseite\",\"item\":\"https:\/\/www.frohsinn-hochdorf.de\/\"},{\"@type\":\"ListItem\",\"position\":2,\"name\":\"Salt &#038; Pepper\"}]},{\"@type\":\"WebSite\",\"@id\":\"https:\/\/www.frohsinn-hochdorf.de\/#website\",\"url\":\"https:\/\/www.frohsinn-hochdorf.de\/\",\"name\":\"Frohsinn Hochdorf e. V.\",\"description\":\"Freude am Singen\",\"publisher\":{\"@id\":\"https:\/\/www.frohsinn-hochdorf.de\/#organization\"},\"potentialAction\":[{\"@type\":\"SearchAction\",\"target\":{\"@type\":\"EntryPoint\",\"urlTemplate\":\"https:\/\/www.frohsinn-hochdorf.de\/?s={search_term_string}\"},\"query-input\":{\"@type\":\"PropertyValueSpecification\",\"valueRequired\":true,\"valueName\":\"search_term_string\"}}],\"inLanguage\":\"de\"},{\"@type\":\"Organization\",\"@id\":\"https:\/\/www.frohsinn-hochdorf.de\/#organization\",\"name\":\"Frohsinn Hochdorf e. V.\",\"url\":\"https:\/\/www.frohsinn-hochdorf.de\/\",\"logo\":{\"@type\":\"ImageObject\",\"inLanguage\":\"de\",\"@id\":\"https:\/\/www.frohsinn-hochdorf.de\/#\/schema\/logo\/image\/\",\"url\":\"https:\/\/www.frohsinn-hochdorf.de\/wp-content\/uploads\/2019\/11\/cropped-logo_web_neu.png\",\"contentUrl\":\"https:\/\/www.frohsinn-hochdorf.de\/wp-content\/uploads\/2019\/11\/cropped-logo_web_neu.png\",\"width\":150,\"height\":85,\"caption\":\"Frohsinn Hochdorf e. V.\"},\"image\":{\"@id\":\"https:\/\/www.frohsinn-hochdorf.de\/#\/schema\/logo\/image\/\"}}]}<\/script>\n<!-- \/ Yoast SEO plugin. -->","yoast_head_json":{"title":"Salt & Pepper - Frohsinn Hochdorf e. V.","robots":{"index":"index","follow":"follow","max-snippet":"max-snippet:-1","max-image-preview":"max-image-preview:large","max-video-preview":"max-video-preview:-1"},"canonical":"https:\/\/www.frohsinn-hochdorf.de\/?page_id=630","og_locale":"de_DE","og_type":"article","og_title":"Salt & Pepper - Frohsinn Hochdorf e. V.","og_description":"F\u00fcr Kinder \/ Jugendliche ab der 7. Klasse. Probezeiten: freitags von 18:30 bis 19:30 Uhr in der Aula der Breitwiesenschule. Leitung und musikalische Begleitung: Ellen Strau\u00df-Wallisch (Klavier) -&gt; \u00fcberwiegend englischsprachige [&hellip;]","og_url":"https:\/\/www.frohsinn-hochdorf.de\/?page_id=630","og_site_name":"Frohsinn Hochdorf e. V.","article_modified_time":"2023-04-01T11:38:42+00:00","twitter_card":"summary_large_image","schema":{"@context":"https:\/\/schema.org","@graph":[{"@type":"WebPage","@id":"https:\/\/www.frohsinn-hochdorf.de\/?page_id=630","url":"https:\/\/www.frohsinn-hochdorf.de\/?page_id=630","name":"Salt & Pepper - Frohsinn Hochdorf e. V.","isPartOf":{"@id":"https:\/\/www.frohsinn-hochdorf.de\/#website"},"datePublished":"2019-11-12T08:12:28+00:00","dateModified":"2023-04-01T11:38:42+00:00","breadcrumb":{"@id":"https:\/\/www.frohsinn-hochdorf.de\/?page_id=630#breadcrumb"},"inLanguage":"de","potentialAction":[{"@type":"ReadAction","target":["https:\/\/www.frohsinn-hochdorf.de\/?page_id=630"]}]},{"@type":"BreadcrumbList","@id":"https:\/\/www.frohsinn-hochdorf.de\/?page_id=630#breadcrumb","itemListElement":[{"@type":"ListItem","position":1,"name":"Startseite","item":"https:\/\/www.frohsinn-hochdorf.de\/"},{"@type":"ListItem","position":2,"name":"Salt &#038; Pepper"}]},{"@type":"WebSite","@id":"https:\/\/www.frohsinn-hochdorf.de\/#website","url":"https:\/\/www.frohsinn-hochdorf.de\/","name":"Frohsinn Hochdorf e. V.","description":"Freude am Singen","publisher":{"@id":"https:\/\/www.frohsinn-hochdorf.de\/#organization"},"potentialAction":[{"@type":"SearchAction","target":{"@type":"EntryPoint","urlTemplate":"https:\/\/www.frohsinn-hochdorf.de\/?s={search_term_string}"},"query-input":{"@type":"PropertyValueSpecification","valueRequired":true,"valueName":"search_term_string"}}],"inLanguage":"de"},{"@type":"Organization","@id":"https:\/\/www.frohsinn-hochdorf.de\/#organization","name":"Frohsinn Hochdorf e. V.","url":"https:\/\/www.frohsinn-hochdorf.de\/","logo":{"@type":"ImageObject","inLanguage":"de","@id":"https:\/\/www.frohsinn-hochdorf.de\/#\/schema\/logo\/image\/","url":"https:\/\/www.frohsinn-hochdorf.de\/wp-content\/uploads\/2019\/11\/cropped-logo_web_neu.png","contentUrl":"https:\/\/www.frohsinn-hochdorf.de\/wp-content\/uploads\/2019\/11\/cropped-logo_web_neu.png","width":150,"height":85,"caption":"Frohsinn Hochdorf e. V."},"image":{"@id":"https:\/\/www.frohsinn-hochdorf.de\/#\/schema\/logo\/image\/"}}]}},"_links":{"self":[{"href":"https:\/\/www.frohsinn-hochdorf.de\/index.php?rest_route=\/wp\/v2\/pages\/630","targetHints":{"allow":["GET"]}}],"collection":[{"href":"https:\/\/www.frohsinn-hochdorf.de\/index.php?rest_route=\/wp\/v2\/pages"}],"about":[{"href":"https:\/\/www.frohsinn-hochdorf.de\/index.php?rest_route=\/wp\/v2\/types\/page"}],"author":[{"embeddable":true,"href":"https:\/\/www.frohsinn-hochdorf.de\/index.php?rest_route=\/wp\/v2\/users\/1"}],"replies":[{"embeddable":true,"href":"https:\/\/www.frohsinn-hochdorf.de\/index.php?rest_route=%2Fwp%2Fv2%2Fcomments&post=630"}],"version-history":[{"count":12,"href":"https:\/\/www.frohsinn-hochdorf.de\/index.php?rest_route=\/wp\/v2\/pages\/630\/revisions"}],"predecessor-version":[{"id":689,"href":"https:\/\/www.frohsinn-hochdorf.de\/index.php?rest_route=\/wp\/v2\/pages\/630\/revisions\/689"}],"wp:attachment":[{"href":"https:\/\/www.frohsinn-hochdorf.de\/index.php?rest_route=%2Fwp%2Fv2%2Fmedia&parent=630"}],"curies":[{"name":"wp","href":"https:\/\/api.w.org\/{rel}","templated":true}]}}